{"id":3341,"date":"2021-01-05T07:58:30","date_gmt":"2021-01-05T07:58:30","guid":{"rendered":"https:\/\/www.trainingslager.com\/?page_id=3341"},"modified":"2025-02-27T11:27:13","modified_gmt":"2025-02-27T10:27:13","slug":"impressum","status":"publish","type":"page","link":"https:\/\/trainingslager.com\/nl\/impressum\/","title":{"rendered":"afdruk"},"content":{"rendered":"\t\t<div data-elementor-type=\"wp-page\" data-elementor-id=\"3341\" class=\"elementor elementor-3341\" data-elementor-post-type=\"page\">\n\t\t\t\t\t\t<section class=\"elementor-section elementor-top-section elementor-element elementor-element-99aa772 elementor-hidden-mobile elementor-section-boxed elementor-section-height-default elementor-section-height-default\" data-id=\"99aa772\" data-element_type=\"section\" data-e-type=\"section\" data-settings=\"{&quot;jet_parallax_layout_list&quot;:[{&quot;jet_parallax_layout_image&quot;:{&quot;url&quot;:&quot;&quot;,&quot;id&quot;:&quot;&quot;,&quot;size&quot;:&quot;&quot;},&quot;_id&quot;:&quot;2ab5b81&quot;,&quot;jet_parallax_layout_image_tablet&quot;:{&quot;url&quot;:&quot;&quot;,&quot;id&quot;:&quot;&quot;,&quot;size&quot;:&quot;&quot;},&quot;jet_parallax_layout_image_mobile&quot;:{&quot;url&quot;:&quot;&quot;,&quot;id&quot;:&quot;&quot;,&quot;size&quot;:&quot;&quot;},&quot;jet_parallax_layout_speed&quot;:{&quot;unit&quot;:&quot;%&quot;,&quot;size&quot;:50,&quot;sizes&quot;:[]},&quot;jet_parallax_layout_type&quot;:&quot;scroll&quot;,&quot;jet_parallax_layout_direction&quot;:&quot;1&quot;,&quot;jet_parallax_layout_fx_direction&quot;:null,&quot;jet_parallax_layout_z_index&quot;:&quot;&quot;,&quot;jet_parallax_layout_bg_x&quot;:50,&quot;jet_parallax_layout_bg_x_tablet&quot;:&quot;&quot;,&quot;jet_parallax_layout_bg_x_mobile&quot;:&quot;&quot;,&quot;jet_parallax_layout_bg_y&quot;:50,&quot;jet_parallax_layout_bg_y_tablet&quot;:&quot;&quot;,&quot;jet_parallax_layout_bg_y_mobile&quot;:&quot;&quot;,&quot;jet_parallax_layout_bg_size&quot;:&quot;auto&quot;,&quot;jet_parallax_layout_bg_size_tablet&quot;:&quot;&quot;,&quot;jet_parallax_layout_bg_size_mobile&quot;:&quot;&quot;,&quot;jet_parallax_layout_animation_prop&quot;:&quot;transform&quot;,&quot;jet_parallax_layout_on&quot;:[&quot;desktop&quot;,&quot;tablet&quot;]}],&quot;background_background&quot;:&quot;classic&quot;}\">\n\t\t\t\t\t\t\t<div class=\"elementor-background-overlay\"><\/div>\n\t\t\t\t\t\t\t<div class=\"elementor-container elementor-column-gap-default\">\n\t\t\t\t\t<div class=\"elementor-column elementor-col-100 elementor-top-column elementor-element elementor-element-c5444f4\" data-id=\"c5444f4\" data-element_type=\"column\" data-e-type=\"column\">\n\t\t\t<div class=\"elementor-widget-wrap elementor-element-populated\">\n\t\t\t\t\t\t<div class=\"elementor-element elementor-element-f58cb2d elementor-widget elementor-widget-heading\" data-id=\"f58cb2d\" data-element_type=\"widget\" data-e-type=\"widget\" data-widget_type=\"heading.default\">\n\t\t\t\t<div class=\"elementor-widget-container\">\n\t\t\t\t\t<h1 class=\"elementor-heading-title elementor-size-default\">Impressum<\/h1>\t\t\t\t<\/div>\n\t\t\t\t<\/div>\n\t\t\t\t<div class=\"elementor-element elementor-element-0921f95 elementor-widget elementor-widget-text-editor\" data-id=\"0921f95\" data-element_type=\"widget\" data-e-type=\"widget\" data-widget_type=\"text-editor.default\">\n\t\t\t\t<div class=\"elementor-widget-container\">\n\t\t\t\t\t\t\t\t\t<div>www.trainingslager.com ist eine Webseite der teamtravel GmbH<\/div><div>\u00a0<\/div><div><strong>Gesch\u00e4ftsf\u00fchrer<\/strong><\/div><div>Michael Geile<\/div><div><div>\u00a0<\/div><div><strong>Adresse<\/strong><\/div><div>teamtravel GmbH<\/div><div>c\/o trainingslager.com<\/div><div>M\u00fcnzweg 8<\/div><\/div><div>20097 Hamburg<\/div><div>\u00a0<\/div><div><strong>Kontakt<\/strong><\/div><div>Tel.: +49 (0)40 8740 9534<\/div><div>E-Mail: info@trainingslager.com<\/div><div>\u00a0<\/div><div><strong>Handelsregister<\/strong><\/div><div>HRB 16564HL<\/div><div>Amtsgericht L\u00fcbeck<\/div><div>USt.-Nr.: DE 311930038<\/div><div>\u00a0<\/div><div>Inhaltlich Verantwortlicher gem\u00e4\u00df \u00a755 Rundfunkstaatsvertrag:<\/div><div>Michael Geile<\/div><div>\u00a0<\/div><div><strong>Rechtlicher Hinweis<\/strong><\/div><div>\u00a0<\/div><div>Alle Rechte an den Inhalten dieser Internetseiten bleiben vorbehalten. Das gilt ebenso f\u00fcr Rechte an Markenbezeichnungen und Logos.<\/div><div>\u00a0<\/div><div><strong>Haftung f\u00fcr Inhalte<\/strong><\/div><div>\u00a0<\/div><div>Als Diensteanbieter sind wir gem\u00e4\u00df \u00a7 7 Abs.1 TMG f\u00fcr eigene Inhalte auf diesen Seiten nach den allgemeinen Gesetzen verantwortlich. Nach \u00a7\u00a7 8 bis 10 TMG sind wir als Diensteanbieter jedoch nicht verpflichtet, \u00fcbermittelte oder gespeicherte fremde Informationen zu \u00fcberwachen oder nach Umst\u00e4nden zu forschen, die auf eine rechtswidrige T\u00e4tigkeit hinweisen.<\/div><div>\u00a0<\/div><div>Verpflichtungen zur Entfernung oder Sperrung der Nutzung von Informationen nach den allgemeinen Gesetzen bleiben hiervon unber\u00fchrt. Eine diesbez\u00fcgliche Haftung ist jedoch erst ab dem Zeitpunkt der Kenntnis einer konkreten Rechtsverletzung m\u00f6glich. Bei Bekanntwerden von entsprechenden Rechtsverletzungen werden wir diese Inhalte umgehend entfernen.<\/div><div>Haftung f\u00fcr Links<\/div><div>\u00a0<\/div><div>Unser Angebot enth\u00e4lt Links zu externen Webseiten Dritter, auf deren Inhalte wir keinen Einfluss haben. Deshalb k\u00f6nnen wir f\u00fcr diese fremden Inhalte auch keine Gew\u00e4hr \u00fcbernehmen. F\u00fcr die Inhalte der verlinkten Seiten ist stets der jeweilige Anbieter oder Betreiber der Seiten verantwortlich. Die verlinkten Seiten wurden zum Zeitpunkt der Verlinkung auf m\u00f6gliche Rechtsverst\u00f6\u00dfe \u00fcberpr\u00fcft. Rechtswidrige Inhalte waren zum Zeitpunkt der Verlinkung nicht erkennbar.<\/div><div>\u00a0<\/div><div>Eine permanente inhaltliche Kontrolle der verlinkten Seiten ist jedoch ohne konkrete Anhaltspunkte einer Rechtsverletzung nicht zumutbar. Bei Bekanntwerden von Rechtsverletzungen werden wir derartige Links umgehend entfernen.<\/div><div>Urheberrecht<\/div><div>\u00a0<\/div><div>Die durch die Seitenbetreiber erstellten Inhalte und Werke auf diesen Seiten unterliegen dem deutschen Urheberrecht. Die Vervielf\u00e4ltigung, Bearbeitung, Verbreitung und jede Art der Verwertung au\u00dferhalb der Grenzen des Urheberrechtes bed\u00fcrfen der schriftlichen Zustimmung des jeweiligen Autors bzw. Erstellers. Downloads und Kopien dieser Seite sind nur f\u00fcr den privaten, nicht kommerziellen Gebrauch gestattet.<\/div><div>\u00a0<\/div><div>Soweit die Inhalte auf dieser Seite nicht vom Betreiber erstellt wurden, werden die Urheberrechte Dritter beachtet. Insbesondere werden Inhalte Dritter als solche gekennzeichnet. Sollten Sie trotzdem auf eine Urheberrechtsverletzung aufmerksam werden, bitten wir um einen entsprechenden Hinweis. Bei Bekanntwerden von Rechtsverletzungen werden wir derartige Inhalte umgehend entfernen.<\/div>\t\t\t\t\t\t\t\t<\/div>\n\t\t\t\t<\/div>\n\t\t\t\t\t<\/div>\n\t\t<\/div>\n\t\t\t\t\t<\/div>\n\t\t<\/section>\n\t\t\t\t<section class=\"elementor-section elementor-top-section elementor-element elementor-element-d6fa587 elementor-hidden-desktop elementor-hidden-tablet elementor-section-boxed elementor-section-height-default elementor-section-height-default\" data-id=\"d6fa587\" data-element_type=\"section\" data-e-type=\"section\" data-settings=\"{&quot;jet_parallax_layout_list&quot;:[{&quot;jet_parallax_layout_image&quot;:{&quot;url&quot;:&quot;&quot;,&quot;id&quot;:&quot;&quot;,&quot;size&quot;:&quot;&quot;},&quot;_id&quot;:&quot;2ab5b81&quot;,&quot;jet_parallax_layout_image_tablet&quot;:{&quot;url&quot;:&quot;&quot;,&quot;id&quot;:&quot;&quot;,&quot;size&quot;:&quot;&quot;},&quot;jet_parallax_layout_image_mobile&quot;:{&quot;url&quot;:&quot;&quot;,&quot;id&quot;:&quot;&quot;,&quot;size&quot;:&quot;&quot;},&quot;jet_parallax_layout_speed&quot;:{&quot;unit&quot;:&quot;%&quot;,&quot;size&quot;:50,&quot;sizes&quot;:[]},&quot;jet_parallax_layout_type&quot;:&quot;scroll&quot;,&quot;jet_parallax_layout_direction&quot;:&quot;1&quot;,&quot;jet_parallax_layout_fx_direction&quot;:null,&quot;jet_parallax_layout_z_index&quot;:&quot;&quot;,&quot;jet_parallax_layout_bg_x&quot;:50,&quot;jet_parallax_layout_bg_x_tablet&quot;:&quot;&quot;,&quot;jet_parallax_layout_bg_x_mobile&quot;:&quot;&quot;,&quot;jet_parallax_layout_bg_y&quot;:50,&quot;jet_parallax_layout_bg_y_tablet&quot;:&quot;&quot;,&quot;jet_parallax_layout_bg_y_mobile&quot;:&quot;&quot;,&quot;jet_parallax_layout_bg_size&quot;:&quot;auto&quot;,&quot;jet_parallax_layout_bg_size_tablet&quot;:&quot;&quot;,&quot;jet_parallax_layout_bg_size_mobile&quot;:&quot;&quot;,&quot;jet_parallax_layout_animation_prop&quot;:&quot;transform&quot;,&quot;jet_parallax_layout_on&quot;:[&quot;desktop&quot;,&quot;tablet&quot;]}],&quot;background_background&quot;:&quot;classic&quot;}\">\n\t\t\t\t\t\t\t<div class=\"elementor-background-overlay\"><\/div>\n\t\t\t\t\t\t\t<div class=\"elementor-container elementor-column-gap-default\">\n\t\t\t\t\t<div class=\"elementor-column elementor-col-100 elementor-top-column elementor-element elementor-element-cef1f8e\" data-id=\"cef1f8e\" data-element_type=\"column\" data-e-type=\"column\">\n\t\t\t<div class=\"elementor-widget-wrap elementor-element-populated\">\n\t\t\t\t\t\t<div class=\"elementor-element elementor-element-091aa02 elementor-widget elementor-widget-heading\" data-id=\"091aa02\" data-element_type=\"widget\" data-e-type=\"widget\" data-widget_type=\"heading.default\">\n\t\t\t\t<div class=\"elementor-widget-container\">\n\t\t\t\t\t<h1 class=\"elementor-heading-title elementor-size-default\">Impressum<\/h1>\t\t\t\t<\/div>\n\t\t\t\t<\/div>\n\t\t\t\t<div class=\"elementor-element elementor-element-6bd68d8 elementor-widget elementor-widget-text-editor\" data-id=\"6bd68d8\" data-element_type=\"widget\" data-e-type=\"widget\" data-widget_type=\"text-editor.default\">\n\t\t\t\t<div class=\"elementor-widget-container\">\n\t\t\t\t\t\t\t\t\t<div>www.trainingslager.com ist eine Webseite der teamtravel GmbH<\/div><div>\u00a0<\/div><div><strong>Gesch\u00e4ftsf\u00fchrer<\/strong><\/div><div>Michael Geile<\/div><div><div>\u00a0<\/div><div><strong>Adresse<\/strong><\/div><div>teamtravel GmbH<\/div><div>c\/o trainingslager.com<\/div><div>M\u00fcnzweg 8<\/div><\/div><div>20097 Hamburg<\/div><div>\u00a0<\/div><div><strong>Kontakt<\/strong><\/div><div>Tel.: +49 (0)40 8740 9534<\/div><div>E-Mail: info@trainingslager.com<\/div><div>\u00a0<\/div><div><strong>Handelsregister<\/strong><\/div><div>HRB 16564HL<\/div><div>Amtsgericht L\u00fcbeck<\/div><div>USt.-Nr.: DE 311930038<\/div><div>\u00a0<\/div><div>Inhaltlich Verantwortlicher gem\u00e4\u00df \u00a755 Rundfunkstaatsvertrag:<\/div><div>Michael Geile<\/div><div>\u00a0<\/div><div><strong>Rechtlicher Hinweis<\/strong><\/div><div>\u00a0<\/div><div>Alle Rechte an den Inhalten dieser Internetseiten bleiben vorbehalten. Das gilt ebenso f\u00fcr Rechte an Markenbezeichnungen und Logos.<\/div><div>\u00a0<\/div><div><strong>Haftung f\u00fcr Inhalte<\/strong><\/div><div>\u00a0<\/div><div>Als Diensteanbieter sind wir gem\u00e4\u00df \u00a7 7 Abs.1 TMG f\u00fcr eigene Inhalte auf diesen Seiten nach den allgemeinen Gesetzen verantwortlich. Nach \u00a7\u00a7 8 bis 10 TMG sind wir als Diensteanbieter jedoch nicht verpflichtet, \u00fcbermittelte oder gespeicherte fremde Informationen zu \u00fcberwachen oder nach Umst\u00e4nden zu forschen, die auf eine rechtswidrige T\u00e4tigkeit hinweisen.<\/div><div>\u00a0<\/div><div>Verpflichtungen zur Entfernung oder Sperrung der Nutzung von Informationen nach den allgemeinen Gesetzen bleiben hiervon unber\u00fchrt. Eine diesbez\u00fcgliche Haftung ist jedoch erst ab dem Zeitpunkt der Kenntnis einer konkreten Rechtsverletzung m\u00f6glich. Bei Bekanntwerden von entsprechenden Rechtsverletzungen werden wir diese Inhalte umgehend entfernen.<\/div><div>Haftung f\u00fcr Links<\/div><div>\u00a0<\/div><div>Unser Angebot enth\u00e4lt Links zu externen Webseiten Dritter, auf deren Inhalte wir keinen Einfluss haben. Deshalb k\u00f6nnen wir f\u00fcr diese fremden Inhalte auch keine Gew\u00e4hr \u00fcbernehmen. F\u00fcr die Inhalte der verlinkten Seiten ist stets der jeweilige Anbieter oder Betreiber der Seiten verantwortlich. Die verlinkten Seiten wurden zum Zeitpunkt der Verlinkung auf m\u00f6gliche Rechtsverst\u00f6\u00dfe \u00fcberpr\u00fcft. Rechtswidrige Inhalte waren zum Zeitpunkt der Verlinkung nicht erkennbar.<\/div><div>\u00a0<\/div><div>Eine permanente inhaltliche Kontrolle der verlinkten Seiten ist jedoch ohne konkrete Anhaltspunkte einer Rechtsverletzung nicht zumutbar. Bei Bekanntwerden von Rechtsverletzungen werden wir derartige Links umgehend entfernen.<\/div><div>Urheberrecht<\/div><div>\u00a0<\/div><div>Die durch die Seitenbetreiber erstellten Inhalte und Werke auf diesen Seiten unterliegen dem deutschen Urheberrecht. Die Vervielf\u00e4ltigung, Bearbeitung, Verbreitung und jede Art der Verwertung au\u00dferhalb der Grenzen des Urheberrechtes bed\u00fcrfen der schriftlichen Zustimmung des jeweiligen Autors bzw. Erstellers. Downloads und Kopien dieser Seite sind nur f\u00fcr den privaten, nicht kommerziellen Gebrauch gestattet.<\/div><div>\u00a0<\/div><div>Soweit die Inhalte auf dieser Seite nicht vom Betreiber erstellt wurden, werden die Urheberrechte Dritter beachtet. Insbesondere werden Inhalte Dritter als solche gekennzeichnet. Sollten Sie trotzdem auf eine Urheberrechtsverletzung aufmerksam werden, bitten wir um einen entsprechenden Hinweis. Bei Bekanntwerden von Rechtsverletzungen werden wir derartige Inhalte umgehend entfernen.<\/div>\t\t\t\t\t\t\t\t<\/div>\n\t\t\t\t<\/div>\n\t\t\t\t\t<\/div>\n\t\t<\/div>\n\t\t\t\t\t<\/div>\n\t\t<\/section>\n\t\t\t\t<\/div>\n\t\t","protected":false},"excerpt":{"rendered":"<p>Impressum www.trainingslager.com ist eine Webseite der teamtravel GmbH\u00a0Gesch\u00e4ftsf\u00fchrerMichael Geile\u00a0Adresseteamtravel GmbHc\/o trainingslager.comM\u00fcnzweg 820097 Hamburg\u00a0KontaktTel.: +49 (0)40 8740 9534E-Mail: info@trainingslager.com\u00a0HandelsregisterHRB 16564HLAmtsgericht L\u00fcbeckUSt.-Nr.: DE 311930038\u00a0Inhaltlich Verantwortlicher gem\u00e4\u00df \u00a755 Rundfunkstaatsvertrag:Michael Geile\u00a0Rechtlicher Hinweis\u00a0Alle Rechte an den Inhalten dieser Internetseiten bleiben vorbehalten. Das gilt ebenso f\u00fcr Rechte an Markenbezeichnungen und Logos.\u00a0Haftung f\u00fcr Inhalte\u00a0Als Diensteanbieter sind wir gem\u00e4\u00df \u00a7 7 Abs.1 TMG [&hellip;]<\/p>\n","protected":false},"author":2,"featured_media":0,"parent":0,"menu_order":0,"comment_status":"closed","ping_status":"closed","template":"","meta":{"_jf_save_progress":"","_joinchat":[],"footnotes":""},"class_list":["post-3341","page","type-page","status-publish","hentry"],"yoast_head":"<!-- This site is optimized with the Yoast SEO plugin v27.3 - https:\/\/yoast.com\/product\/yoast-seo-wordpress\/ -->\n<title>Impressum - trainingslager.com<\/title>\n<meta name=\"robots\" content=\"index, follow, max-snippet:-1, max-image-preview:large, max-video-preview:-1\" \/>\n<link rel=\"canonical\" href=\"https:\/\/trainingslager.com\/nl\/impressum\/\" \/>\n<meta property=\"og:locale\" content=\"nl_NL\" \/>\n<meta property=\"og:type\" content=\"article\" \/>\n<meta property=\"og:title\" content=\"Impressum - trainingslager.com\" \/>\n<meta property=\"og:description\" content=\"Impressum www.trainingslager.com ist eine Webseite der teamtravel GmbH\u00a0Gesch\u00e4ftsf\u00fchrerMichael Geile\u00a0Adresseteamtravel GmbHc\/o trainingslager.comM\u00fcnzweg 820097 Hamburg\u00a0KontaktTel.: +49 (0)40 8740 9534E-Mail: info@trainingslager.com\u00a0HandelsregisterHRB 16564HLAmtsgericht L\u00fcbeckUSt.-Nr.: DE 311930038\u00a0Inhaltlich Verantwortlicher gem\u00e4\u00df \u00a755 Rundfunkstaatsvertrag:Michael Geile\u00a0Rechtlicher Hinweis\u00a0Alle Rechte an den Inhalten dieser Internetseiten bleiben vorbehalten. Das gilt ebenso f\u00fcr Rechte an Markenbezeichnungen und Logos.\u00a0Haftung f\u00fcr Inhalte\u00a0Als Diensteanbieter sind wir gem\u00e4\u00df \u00a7 7 Abs.1 TMG [&hellip;]\" \/>\n<meta property=\"og:url\" content=\"https:\/\/trainingslager.com\/nl\/impressum\/\" \/>\n<meta property=\"og:site_name\" content=\"trainingslager.com\" \/>\n<meta property=\"article:modified_time\" content=\"2025-02-27T10:27:13+00:00\" \/>\n<meta name=\"twitter:card\" content=\"summary_large_image\" \/>\n<script type=\"application\/ld+json\" class=\"yoast-schema-graph\">{\"@context\":\"https:\\\/\\\/schema.org\",\"@graph\":[{\"@type\":\"WebPage\",\"@id\":\"https:\\\/\\\/trainingslager.com\\\/nl\\\/impressum\\\/\",\"url\":\"https:\\\/\\\/trainingslager.com\\\/nl\\\/impressum\\\/\",\"name\":\"Impressum - trainingslager.com\",\"isPartOf\":{\"@id\":\"https:\\\/\\\/www.trainingslager.com\\\/#website\"},\"datePublished\":\"2021-01-05T07:58:30+00:00\",\"dateModified\":\"2025-02-27T10:27:13+00:00\",\"breadcrumb\":{\"@id\":\"https:\\\/\\\/trainingslager.com\\\/nl\\\/impressum\\\/#breadcrumb\"},\"inLanguage\":\"nl-NL\",\"potentialAction\":[{\"@type\":\"ReadAction\",\"target\":[\"https:\\\/\\\/trainingslager.com\\\/nl\\\/impressum\\\/\"]}]},{\"@type\":\"BreadcrumbList\",\"@id\":\"https:\\\/\\\/trainingslager.com\\\/nl\\\/impressum\\\/#breadcrumb\",\"itemListElement\":[{\"@type\":\"ListItem\",\"position\":1,\"name\":\"Home\",\"item\":\"https:\\\/\\\/trainingslager.com\\\/nl\\\/\"},{\"@type\":\"ListItem\",\"position\":2,\"name\":\"Impressum\"}]},{\"@type\":\"WebSite\",\"@id\":\"https:\\\/\\\/www.trainingslager.com\\\/#website\",\"url\":\"https:\\\/\\\/www.trainingslager.com\\\/\",\"name\":\"trainingslager.com\",\"description\":\"Trainingslager in Deutschland &amp; Europa\",\"publisher\":{\"@id\":\"https:\\\/\\\/www.trainingslager.com\\\/#organization\"},\"potentialAction\":[{\"@type\":\"SearchAction\",\"target\":{\"@type\":\"EntryPoint\",\"urlTemplate\":\"https:\\\/\\\/www.trainingslager.com\\\/?s={search_term_string}\"},\"query-input\":{\"@type\":\"PropertyValueSpecification\",\"valueRequired\":true,\"valueName\":\"search_term_string\"}}],\"inLanguage\":\"nl-NL\"},{\"@type\":\"Organization\",\"@id\":\"https:\\\/\\\/www.trainingslager.com\\\/#organization\",\"name\":\"trainingslager.com\",\"url\":\"https:\\\/\\\/www.trainingslager.com\\\/\",\"logo\":{\"@type\":\"ImageObject\",\"inLanguage\":\"nl-NL\",\"@id\":\"https:\\\/\\\/www.trainingslager.com\\\/#\\\/schema\\\/logo\\\/image\\\/\",\"url\":\"https:\\\/\\\/trainingslager.com\\\/wp-content\\\/uploads\\\/2020\\\/12\\\/cropped-Trainingslager_Logo_weis.png\",\"contentUrl\":\"https:\\\/\\\/trainingslager.com\\\/wp-content\\\/uploads\\\/2020\\\/12\\\/cropped-Trainingslager_Logo_weis.png\",\"width\":1876,\"height\":536,\"caption\":\"trainingslager.com\"},\"image\":{\"@id\":\"https:\\\/\\\/www.trainingslager.com\\\/#\\\/schema\\\/logo\\\/image\\\/\"}}]}<\/script>\n<!-- \/ Yoast SEO plugin. -->","yoast_head_json":{"title":"Impressum - trainingslager.com","robots":{"index":"index","follow":"follow","max-snippet":"max-snippet:-1","max-image-preview":"max-image-preview:large","max-video-preview":"max-video-preview:-1"},"canonical":"https:\/\/trainingslager.com\/nl\/impressum\/","og_locale":"nl_NL","og_type":"article","og_title":"Impressum - trainingslager.com","og_description":"Impressum www.trainingslager.com ist eine Webseite der teamtravel GmbH\u00a0Gesch\u00e4ftsf\u00fchrerMichael Geile\u00a0Adresseteamtravel GmbHc\/o trainingslager.comM\u00fcnzweg 820097 Hamburg\u00a0KontaktTel.: +49 (0)40 8740 9534E-Mail: info@trainingslager.com\u00a0HandelsregisterHRB 16564HLAmtsgericht L\u00fcbeckUSt.-Nr.: DE 311930038\u00a0Inhaltlich Verantwortlicher gem\u00e4\u00df \u00a755 Rundfunkstaatsvertrag:Michael Geile\u00a0Rechtlicher Hinweis\u00a0Alle Rechte an den Inhalten dieser Internetseiten bleiben vorbehalten. Das gilt ebenso f\u00fcr Rechte an Markenbezeichnungen und Logos.\u00a0Haftung f\u00fcr Inhalte\u00a0Als Diensteanbieter sind wir gem\u00e4\u00df \u00a7 7 Abs.1 TMG [&hellip;]","og_url":"https:\/\/trainingslager.com\/nl\/impressum\/","og_site_name":"trainingslager.com","article_modified_time":"2025-02-27T10:27:13+00:00","twitter_card":"summary_large_image","schema":{"@context":"https:\/\/schema.org","@graph":[{"@type":"WebPage","@id":"https:\/\/trainingslager.com\/nl\/impressum\/","url":"https:\/\/trainingslager.com\/nl\/impressum\/","name":"Impressum - trainingslager.com","isPartOf":{"@id":"https:\/\/www.trainingslager.com\/#website"},"datePublished":"2021-01-05T07:58:30+00:00","dateModified":"2025-02-27T10:27:13+00:00","breadcrumb":{"@id":"https:\/\/trainingslager.com\/nl\/impressum\/#breadcrumb"},"inLanguage":"nl-NL","potentialAction":[{"@type":"ReadAction","target":["https:\/\/trainingslager.com\/nl\/impressum\/"]}]},{"@type":"BreadcrumbList","@id":"https:\/\/trainingslager.com\/nl\/impressum\/#breadcrumb","itemListElement":[{"@type":"ListItem","position":1,"name":"Home","item":"https:\/\/trainingslager.com\/nl\/"},{"@type":"ListItem","position":2,"name":"Impressum"}]},{"@type":"WebSite","@id":"https:\/\/www.trainingslager.com\/#website","url":"https:\/\/www.trainingslager.com\/","name":"trainingskamp.com","description":"Trainingskampen in Duitsland en Europa","publisher":{"@id":"https:\/\/www.trainingslager.com\/#organization"},"potentialAction":[{"@type":"SearchAction","target":{"@type":"EntryPoint","urlTemplate":"https:\/\/www.trainingslager.com\/?s={search_term_string}"},"query-input":{"@type":"PropertyValueSpecification","valueRequired":true,"valueName":"search_term_string"}}],"inLanguage":"nl-NL"},{"@type":"Organization","@id":"https:\/\/www.trainingslager.com\/#organization","name":"trainingskamp.com","url":"https:\/\/www.trainingslager.com\/","logo":{"@type":"ImageObject","inLanguage":"nl-NL","@id":"https:\/\/www.trainingslager.com\/#\/schema\/logo\/image\/","url":"https:\/\/trainingslager.com\/wp-content\/uploads\/2020\/12\/cropped-Trainingslager_Logo_weis.png","contentUrl":"https:\/\/trainingslager.com\/wp-content\/uploads\/2020\/12\/cropped-Trainingslager_Logo_weis.png","width":1876,"height":536,"caption":"trainingslager.com"},"image":{"@id":"https:\/\/www.trainingslager.com\/#\/schema\/logo\/image\/"}}]}},"_links":{"self":[{"href":"https:\/\/trainingslager.com\/nl\/wp-json\/wp\/v2\/pages\/3341","targetHints":{"allow":["GET"]}}],"collection":[{"href":"https:\/\/trainingslager.com\/nl\/wp-json\/wp\/v2\/pages"}],"about":[{"href":"https:\/\/trainingslager.com\/nl\/wp-json\/wp\/v2\/types\/page"}],"author":[{"embeddable":true,"href":"https:\/\/trainingslager.com\/nl\/wp-json\/wp\/v2\/users\/2"}],"replies":[{"embeddable":true,"href":"https:\/\/trainingslager.com\/nl\/wp-json\/wp\/v2\/comments?post=3341"}],"version-history":[{"count":3,"href":"https:\/\/trainingslager.com\/nl\/wp-json\/wp\/v2\/pages\/3341\/revisions"}],"predecessor-version":[{"id":24705,"href":"https:\/\/trainingslager.com\/nl\/wp-json\/wp\/v2\/pages\/3341\/revisions\/24705"}],"wp:attachment":[{"href":"https:\/\/trainingslager.com\/nl\/wp-json\/wp\/v2\/media?parent=3341"}],"curies":[{"name":"wp","href":"https:\/\/api.w.org\/{rel}","templated":true}]}}