{"id":15148,"date":"2024-01-11T14:34:44","date_gmt":"2024-01-11T13:34:44","guid":{"rendered":"https:\/\/www.trainingslager.com\/?page_id=15148"},"modified":"2025-01-20T16:03:08","modified_gmt":"2025-01-20T15:03:08","slug":"confirmation-detailabfrage-team","status":"publish","type":"page","link":"https:\/\/trainingslager.com\/pl\/confirmation-detailabfrage-team\/","title":{"rendered":"Potwierdzenie szczeg\u00f3\u0142owego zapytania zespo\u0142u"},"content":{"rendered":"<div data-elementor-type=\"wp-page\" data-elementor-id=\"15148\" class=\"elementor elementor-15148\" data-elementor-post-type=\"page\">\n\t\t\t\t<div class=\"elementor-element elementor-element-ed78f3d e-flex e-con-boxed e-con e-parent\" data-id=\"ed78f3d\" data-element_type=\"container\" data-e-type=\"container\" data-settings=\"{&quot;jet_parallax_layout_list&quot;:[]}\">\n\t\t\t\t\t<div class=\"e-con-inner\">\n\t\t\t\t<div class=\"elementor-element elementor-element-890efe5 elementor-widget elementor-widget-jet-headline\" data-id=\"890efe5\" data-element_type=\"widget\" data-e-type=\"widget\" data-widget_type=\"jet-headline.default\">\n\t\t\t\t<div class=\"elementor-widget-container\">\n\t\t\t\t\t<h2 class=\"jet-headline jet-headline--direction-horizontal\"><span class=\"jet-headline__part jet-headline__first\"><span class=\"jet-headline__label\">Dzi\u0119kujemy za przes\u0142anie informacji. <\/span><\/span><span class=\"jet-headline__space\">&nbsp;<\/span><\/h2>\t\t\t\t<\/div>\n\t\t\t\t<\/div>\n\t\t\t\t<div class=\"elementor-element elementor-element-2ccb46f elementor-widget elementor-widget-text-editor\" data-id=\"2ccb46f\" data-element_type=\"widget\" data-e-type=\"widget\" data-widget_type=\"text-editor.default\">\n\t\t\t\t<div class=\"elementor-widget-container\">\n\t\t\t\t\t\t\t\t\t<p>Teraz zajmiemy si\u0119 odpowiednim wdro\u017ceniem informacji przekazywanych wraz z zakwaterowaniem.<\/p>\t\t\t\t\t\t\t\t<\/div>\n\t\t\t\t<\/div>\n\t\t\t\t<div class=\"elementor-element elementor-element-6c8713b elementor-align-center elementor-widget elementor-widget-button\" data-id=\"6c8713b\" data-element_type=\"widget\" data-e-type=\"widget\" data-widget_type=\"button.default\">\n\t\t\t\t<div class=\"elementor-widget-container\">\n\t\t\t\t\t\t\t\t\t<div class=\"elementor-button-wrapper\">\n\t\t\t\t\t<a class=\"elementor-button elementor-button-link elementor-size-sm\" href=\"\/pl\/\">\n\t\t\t\t\t\t<span class=\"elementor-button-content-wrapper\">\n\t\t\t\t\t\t\t\t\t<span class=\"elementor-button-text\">Powr\u00f3t do strony g\u0142\u00f3wnej<\/span>\n\t\t\t\t\t<\/span>\n\t\t\t\t\t<\/a>\n\t\t\t\t<\/div>\n\t\t\t\t\t\t\t\t<\/div>\n\t\t\t\t<\/div>\n\t\t\t\t\t<\/div>\n\t\t\t\t<\/div>\n\t\t\t\t<\/div>","protected":false},"excerpt":{"rendered":"<p>Dzi\u0119kujemy za udost\u0119pnienie informacji. Obecnie pracujemy nad wdro\u017ceniem informacji, kt\u00f3re nam przekaza\u0142e\u015b, w obiekcie noclegowym. Powr\u00f3t do strony g\u0142\u00f3wnej<\/p>","protected":false},"author":2,"featured_media":0,"parent":0,"menu_order":0,"comment_status":"closed","ping_status":"closed","template":"","meta":{"_jf_save_progress":"","_joinchat":[],"footnotes":""},"class_list":["post-15148","page","type-page","status-publish","hentry"],"yoast_head":"<!-- This site is optimized with the Yoast SEO plugin v27.3 - https:\/\/yoast.com\/product\/yoast-seo-wordpress\/ -->\n<title>Confirmation Detailabfrage Team - trainingslager.com<\/title>\n<meta name=\"robots\" content=\"index, follow, max-snippet:-1, max-image-preview:large, max-video-preview:-1\" \/>\n<link rel=\"canonical\" href=\"https:\/\/trainingslager.com\/pl\/confirmation-detailabfrage-team\/\" \/>\n<meta property=\"og:locale\" content=\"pl_PL\" \/>\n<meta property=\"og:type\" content=\"article\" \/>\n<meta property=\"og:title\" content=\"Confirmation Detailabfrage Team - trainingslager.com\" \/>\n<meta property=\"og:description\" content=\"Vielen Dank f\u00fcr die \u00dcbermittlung der Infos. &nbsp; Wir k\u00fcmmern uns nun darum die \u00fcbermittelten Infos mit der Unterkunft entsprechend zu realisieren. zur\u00fcck zur Startseite\" \/>\n<meta property=\"og:url\" content=\"https:\/\/trainingslager.com\/pl\/confirmation-detailabfrage-team\/\" \/>\n<meta property=\"og:site_name\" content=\"trainingslager.com\" \/>\n<meta property=\"article:modified_time\" content=\"2025-01-20T15:03:08+00:00\" \/>\n<meta name=\"twitter:card\" content=\"summary_large_image\" \/>\n<script type=\"application\/ld+json\" class=\"yoast-schema-graph\">{\"@context\":\"https:\\\/\\\/schema.org\",\"@graph\":[{\"@type\":\"WebPage\",\"@id\":\"https:\\\/\\\/trainingslager.com\\\/pl\\\/confirmation-detailabfrage-team\\\/\",\"url\":\"https:\\\/\\\/trainingslager.com\\\/pl\\\/confirmation-detailabfrage-team\\\/\",\"name\":\"Confirmation Detailabfrage Team - trainingslager.com\",\"isPartOf\":{\"@id\":\"https:\\\/\\\/www.trainingslager.com\\\/#website\"},\"datePublished\":\"2024-01-11T13:34:44+00:00\",\"dateModified\":\"2025-01-20T15:03:08+00:00\",\"breadcrumb\":{\"@id\":\"https:\\\/\\\/trainingslager.com\\\/pl\\\/confirmation-detailabfrage-team\\\/#breadcrumb\"},\"inLanguage\":\"pl-PL\",\"potentialAction\":[{\"@type\":\"ReadAction\",\"target\":[\"https:\\\/\\\/trainingslager.com\\\/pl\\\/confirmation-detailabfrage-team\\\/\"]}]},{\"@type\":\"BreadcrumbList\",\"@id\":\"https:\\\/\\\/trainingslager.com\\\/pl\\\/confirmation-detailabfrage-team\\\/#breadcrumb\",\"itemListElement\":[{\"@type\":\"ListItem\",\"position\":1,\"name\":\"Home\",\"item\":\"https:\\\/\\\/trainingslager.com\\\/pl\\\/\"},{\"@type\":\"ListItem\",\"position\":2,\"name\":\"Confirmation Detailabfrage Team\"}]},{\"@type\":\"WebSite\",\"@id\":\"https:\\\/\\\/www.trainingslager.com\\\/#website\",\"url\":\"https:\\\/\\\/www.trainingslager.com\\\/\",\"name\":\"trainingslager.com\",\"description\":\"Trainingslager in Deutschland &amp; Europa\",\"publisher\":{\"@id\":\"https:\\\/\\\/www.trainingslager.com\\\/#organization\"},\"potentialAction\":[{\"@type\":\"SearchAction\",\"target\":{\"@type\":\"EntryPoint\",\"urlTemplate\":\"https:\\\/\\\/www.trainingslager.com\\\/?s={search_term_string}\"},\"query-input\":{\"@type\":\"PropertyValueSpecification\",\"valueRequired\":true,\"valueName\":\"search_term_string\"}}],\"inLanguage\":\"pl-PL\"},{\"@type\":\"Organization\",\"@id\":\"https:\\\/\\\/www.trainingslager.com\\\/#organization\",\"name\":\"trainingslager.com\",\"url\":\"https:\\\/\\\/www.trainingslager.com\\\/\",\"logo\":{\"@type\":\"ImageObject\",\"inLanguage\":\"pl-PL\",\"@id\":\"https:\\\/\\\/www.trainingslager.com\\\/#\\\/schema\\\/logo\\\/image\\\/\",\"url\":\"https:\\\/\\\/trainingslager.com\\\/wp-content\\\/uploads\\\/2020\\\/12\\\/cropped-Trainingslager_Logo_weis.png\",\"contentUrl\":\"https:\\\/\\\/trainingslager.com\\\/wp-content\\\/uploads\\\/2020\\\/12\\\/cropped-Trainingslager_Logo_weis.png\",\"width\":1876,\"height\":536,\"caption\":\"trainingslager.com\"},\"image\":{\"@id\":\"https:\\\/\\\/www.trainingslager.com\\\/#\\\/schema\\\/logo\\\/image\\\/\"}}]}<\/script>\n<!-- \/ Yoast SEO plugin. -->","yoast_head_json":{"title":"Confirmation Detailabfrage Team - trainingslager.com","robots":{"index":"index","follow":"follow","max-snippet":"max-snippet:-1","max-image-preview":"max-image-preview:large","max-video-preview":"max-video-preview:-1"},"canonical":"https:\/\/trainingslager.com\/pl\/confirmation-detailabfrage-team\/","og_locale":"pl_PL","og_type":"article","og_title":"Confirmation Detailabfrage Team - trainingslager.com","og_description":"Vielen Dank f\u00fcr die \u00dcbermittlung der Infos. &nbsp; Wir k\u00fcmmern uns nun darum die \u00fcbermittelten Infos mit der Unterkunft entsprechend zu realisieren. zur\u00fcck zur Startseite","og_url":"https:\/\/trainingslager.com\/pl\/confirmation-detailabfrage-team\/","og_site_name":"trainingslager.com","article_modified_time":"2025-01-20T15:03:08+00:00","twitter_card":"summary_large_image","schema":{"@context":"https:\/\/schema.org","@graph":[{"@type":"WebPage","@id":"https:\/\/trainingslager.com\/pl\/confirmation-detailabfrage-team\/","url":"https:\/\/trainingslager.com\/pl\/confirmation-detailabfrage-team\/","name":"Confirmation Detailabfrage Team - trainingslager.com","isPartOf":{"@id":"https:\/\/www.trainingslager.com\/#website"},"datePublished":"2024-01-11T13:34:44+00:00","dateModified":"2025-01-20T15:03:08+00:00","breadcrumb":{"@id":"https:\/\/trainingslager.com\/pl\/confirmation-detailabfrage-team\/#breadcrumb"},"inLanguage":"pl-PL","potentialAction":[{"@type":"ReadAction","target":["https:\/\/trainingslager.com\/pl\/confirmation-detailabfrage-team\/"]}]},{"@type":"BreadcrumbList","@id":"https:\/\/trainingslager.com\/pl\/confirmation-detailabfrage-team\/#breadcrumb","itemListElement":[{"@type":"ListItem","position":1,"name":"Home","item":"https:\/\/trainingslager.com\/pl\/"},{"@type":"ListItem","position":2,"name":"Confirmation Detailabfrage Team"}]},{"@type":"WebSite","@id":"https:\/\/www.trainingslager.com\/#website","url":"https:\/\/www.trainingslager.com\/","name":"Trainingcamp.com","description":"Obozy szkoleniowe w Niemczech i Europie","publisher":{"@id":"https:\/\/www.trainingslager.com\/#organization"},"potentialAction":[{"@type":"SearchAction","target":{"@type":"EntryPoint","urlTemplate":"https:\/\/www.trainingslager.com\/?s={search_term_string}"},"query-input":{"@type":"PropertyValueSpecification","valueRequired":true,"valueName":"search_term_string"}}],"inLanguage":"pl-PL"},{"@type":"Organization","@id":"https:\/\/www.trainingslager.com\/#organization","name":"Trainingcamp.com","url":"https:\/\/www.trainingslager.com\/","logo":{"@type":"ImageObject","inLanguage":"pl-PL","@id":"https:\/\/www.trainingslager.com\/#\/schema\/logo\/image\/","url":"https:\/\/trainingslager.com\/wp-content\/uploads\/2020\/12\/cropped-Trainingslager_Logo_weis.png","contentUrl":"https:\/\/trainingslager.com\/wp-content\/uploads\/2020\/12\/cropped-Trainingslager_Logo_weis.png","width":1876,"height":536,"caption":"trainingslager.com"},"image":{"@id":"https:\/\/www.trainingslager.com\/#\/schema\/logo\/image\/"}}]}},"_links":{"self":[{"href":"https:\/\/trainingslager.com\/pl\/wp-json\/wp\/v2\/pages\/15148","targetHints":{"allow":["GET"]}}],"collection":[{"href":"https:\/\/trainingslager.com\/pl\/wp-json\/wp\/v2\/pages"}],"about":[{"href":"https:\/\/trainingslager.com\/pl\/wp-json\/wp\/v2\/types\/page"}],"author":[{"embeddable":true,"href":"https:\/\/trainingslager.com\/pl\/wp-json\/wp\/v2\/users\/2"}],"replies":[{"embeddable":true,"href":"https:\/\/trainingslager.com\/pl\/wp-json\/wp\/v2\/comments?post=15148"}],"version-history":[{"count":3,"href":"https:\/\/trainingslager.com\/pl\/wp-json\/wp\/v2\/pages\/15148\/revisions"}],"predecessor-version":[{"id":22891,"href":"https:\/\/trainingslager.com\/pl\/wp-json\/wp\/v2\/pages\/15148\/revisions\/22891"}],"wp:attachment":[{"href":"https:\/\/trainingslager.com\/pl\/wp-json\/wp\/v2\/media?parent=15148"}],"curies":[{"name":"wp","href":"https:\/\/api.w.org\/{rel}","templated":true}]}}